{"id":94,"date":"2021-09-28T17:12:09","date_gmt":"2021-09-28T15:12:09","guid":{"rendered":"https:\/\/prsh.pl\/?page_id=94"},"modified":"2021-09-28T17:12:09","modified_gmt":"2021-09-28T15:12:09","slug":"oferta","status":"publish","type":"page","link":"https:\/\/prsh.pl\/?page_id=94","title":{"rendered":"Oferta"},"content":{"rendered":"\n<ul class=\"wp-block-list\"><li>audyt \u015brodowiskowy DC<\/li><li>zabudowy korytarzy dopasowane do istniej\u0105cej infrastruktury<\/li><li>monitoring warunk\u00f3w \u015brodowiskowych<\/li><li>DCIM<\/li><li>podno\u015bniki serwerowe<\/li><li>PDU<\/li><\/ul>\n\n\n\n<p><\/p>\n","protected":false},"excerpt":{"rendered":"<p>audyt \u015brodowiskowy DC zabudowy korytarzy dopasowane do istniej\u0105cej infrastruktury monitoring warunk\u00f3w \u015brodowiskowych DCIM podno\u015bniki serwerowe PDU<\/p>\n","protected":false},"author":1,"featured_media":0,"parent":0,"menu_order":0,"comment_status":"closed","ping_status":"closed","template":"","meta":{"footnotes":""},"class_list":["post-94","page","type-page","status-publish","hentry"],"_links":{"self":[{"href":"https:\/\/prsh.pl\/index.php?rest_route=\/wp\/v2\/pages\/94","targetHints":{"allow":["GET"]}}],"collection":[{"href":"https:\/\/prsh.pl\/index.php?rest_route=\/wp\/v2\/pages"}],"about":[{"href":"https:\/\/prsh.pl\/index.php?rest_route=\/wp\/v2\/types\/page"}],"author":[{"embeddable":true,"href":"https:\/\/prsh.pl\/index.php?rest_route=\/wp\/v2\/users\/1"}],"replies":[{"embeddable":true,"href":"https:\/\/prsh.pl\/index.php?rest_route=%2Fwp%2Fv2%2Fcomments&post=94"}],"version-history":[{"count":1,"href":"https:\/\/prsh.pl\/index.php?rest_route=\/wp\/v2\/pages\/94\/revisions"}],"predecessor-version":[{"id":95,"href":"https:\/\/prsh.pl\/index.php?rest_route=\/wp\/v2\/pages\/94\/revisions\/95"}],"wp:attachment":[{"href":"https:\/\/prsh.pl\/index.php?rest_route=%2Fwp%2Fv2%2Fmedia&parent=94"}],"curies":[{"name":"wp","href":"https:\/\/api.w.org\/{rel}","templated":true}]}}